{"id":1788,"date":"2024-02-13T22:00:12","date_gmt":"2024-02-13T20:00:12","guid":{"rendered":"http:\/\/rt-aaltoset.net\/uusi\/?page_id=1788"},"modified":"2024-02-20T13:08:41","modified_gmt":"2024-02-20T11:08:41","slug":"viilennys","status":"publish","type":"page","link":"https:\/\/rt-aaltoset.net\/uusi\/viilennys\/","title":{"rendered":"Viilennys"},"content":{"rendered":"\n<p>Kodin viilennys voidaan maal\u00e4mp\u00f6kohteissa j\u00e4rjest\u00e4\u00e4 maal\u00e4mp\u00f6j\u00e4rjestelm\u00e4n viilennysyksik\u00f6ll\u00e4. Pumppu kierr\u00e4tt\u00e4\u00e4 l\u00e4mmenneen l\u00e4mm\u00f6nsiirtoaineen maal\u00e4mp\u00f6kaivoon, jolloin l\u00e4mp\u00f6 varastoituu kaivoon talvea varten tai parantaa ylikuormittuneen energiakaivon tilannetta. Vastaavasti maal\u00e4mp\u00f6kaivon viile\u00e4 kallioper\u00e4 kylment\u00e4\u00e4 l\u00e4mm\u00f6nsiirtoaineen.<\/p>\n\n\n\n<p>Viilennys voidaan j\u00e4rjest\u00e4\u00e4 my\u00f6s investointikustannuksiltaan edullisella ilmal\u00e4mp\u00f6pumpulla, jolloin pumppua voidaan hy\u00f6dynt\u00e4\u00e4 l\u00e4mmityksess\u00e4 kylmin\u00e4 aikoina.<\/p>\n\n\n\n<figure class=\"wp-block-gallery has-nested-images columns-default is-cropped wp-block-gallery-1 is-layout-flex wp-block-gallery-is-layout-flex\">\n<figure class=\"wp-block-image size-large\"><img fetchpriority=\"high\" decoding=\"async\" width=\"1024\" height=\"576\" data-id=\"1622\" src=\"http:\/\/rt-aaltoset.net\/uusi\/wp-content\/uploads\/2023\/01\/20220506_230352389_iOS-1024x576.jpg\" alt=\"\" class=\"wp-image-1622\" srcset=\"https:\/\/rt-aaltoset.net\/uusi\/wp-content\/uploads\/2023\/01\/20220506_230352389_iOS-1024x576.jpg 1024w, https:\/\/rt-aaltoset.net\/uusi\/wp-content\/uploads\/2023\/01\/20220506_230352389_iOS-300x169.jpg 300w, https:\/\/rt-aaltoset.net\/uusi\/wp-content\/uploads\/2023\/01\/20220506_230352389_iOS-768x432.jpg 768w, https:\/\/rt-aaltoset.net\/uusi\/wp-content\/uploads\/2023\/01\/20220506_230352389_iOS-1536x864.jpg 1536w, https:\/\/rt-aaltoset.net\/uusi\/wp-content\/uploads\/2023\/01\/20220506_230352389_iOS.jpg 1920w\" sizes=\"(max-width: 1024px) 100vw, 1024px\" \/><\/figure>\n\n\n\n<figure class=\"wp-block-image size-large\"><img decoding=\"async\" width=\"768\" height=\"1024\" data-id=\"1623\" src=\"http:\/\/rt-aaltoset.net\/uusi\/wp-content\/uploads\/2023\/01\/20220530_111931293_iOS-768x1024.jpg\" alt=\"\" class=\"wp-image-1623\" srcset=\"https:\/\/rt-aaltoset.net\/uusi\/wp-content\/uploads\/2023\/01\/20220530_111931293_iOS-768x1024.jpg 768w, https:\/\/rt-aaltoset.net\/uusi\/wp-content\/uploads\/2023\/01\/20220530_111931293_iOS-225x300.jpg 225w, https:\/\/rt-aaltoset.net\/uusi\/wp-content\/uploads\/2023\/01\/20220530_111931293_iOS.jpg 810w\" sizes=\"(max-width: 768px) 100vw, 768px\" \/><\/figure>\n\n\n\n<figure class=\"wp-block-image size-large\"><img decoding=\"async\" width=\"759\" height=\"1024\" data-id=\"1614\" src=\"http:\/\/rt-aaltoset.net\/uusi\/wp-content\/uploads\/2023\/01\/20200623_124644832_iOS-1-759x1024.jpg\" alt=\"\" class=\"wp-image-1614\" srcset=\"https:\/\/rt-aaltoset.net\/uusi\/wp-content\/uploads\/2023\/01\/20200623_124644832_iOS-1-759x1024.jpg 759w, https:\/\/rt-aaltoset.net\/uusi\/wp-content\/uploads\/2023\/01\/20200623_124644832_iOS-1-223x300.jpg 223w, https:\/\/rt-aaltoset.net\/uusi\/wp-content\/uploads\/2023\/01\/20200623_124644832_iOS-1-768x1036.jpg 768w, https:\/\/rt-aaltoset.net\/uusi\/wp-content\/uploads\/2023\/01\/20200623_124644832_iOS-1.jpg 801w\" sizes=\"(max-width: 759px) 100vw, 759px\" \/><figcaption class=\"wp-element-caption\">Fujitsu-ilmal\u00e4mp\u00f6pumppu.<\/figcaption><\/figure>\n<\/figure>\n\n\n\n<div style=\"height:26px\" aria-hidden=\"true\" class=\"wp-block-spacer\"><\/div>\n\n\n\n<div class=\"wp-block-cover alignfull is-light\"><span aria-hidden=\"true\" class=\"wp-block-cover__background has-nv-dark-bg-background-color has-background-dim-100 has-background-dim\"><\/span><div class=\"wp-block-cover__inner-container is-layout-flow wp-block-cover-is-layout-flow\">\n<div class=\"wp-block-cover aligncenter is-light\" style=\"min-height:453px;aspect-ratio:unset;\"><span aria-hidden=\"true\" class=\"wp-block-cover__background has-nv-dark-bg-background-color has-background-dim-100 has-background-dim\"><\/span><div class=\"wp-block-cover__inner-container is-layout-flow wp-block-cover-is-layout-flow\">\n<div class=\"wp-block-columns is-layout-flex wp-container-core-columns-is-layout-9d6595d7 wp-block-columns-is-layout-flex\">\n<div class=\"wp-block-column is-vertically-aligned-bottom is-layout-flow wp-block-column-is-layout-flow\">\n<div class=\"wp-block-columns is-layout-flex wp-container-core-columns-is-layout-9d6595d7 wp-block-columns-is-layout-flex\">\n<div class=\"wp-block-column is-layout-flow wp-block-column-is-layout-flow\" style=\"flex-basis:100%\"><div class=\"wp-block-image\">\n<figure class=\"alignright size-large is-resized\"><img loading=\"lazy\" decoding=\"async\" width=\"1024\" height=\"576\" src=\"http:\/\/rt-aaltoset.net\/uusi\/wp-content\/uploads\/2023\/01\/20221017_180306387_iOS-1-1024x576.jpg\" alt=\"\" class=\"wp-image-1607\" style=\"width:505px;height:auto\" srcset=\"https:\/\/rt-aaltoset.net\/uusi\/wp-content\/uploads\/2023\/01\/20221017_180306387_iOS-1-1024x576.jpg 1024w, https:\/\/rt-aaltoset.net\/uusi\/wp-content\/uploads\/2023\/01\/20221017_180306387_iOS-1-300x169.jpg 300w, https:\/\/rt-aaltoset.net\/uusi\/wp-content\/uploads\/2023\/01\/20221017_180306387_iOS-1-768x432.jpg 768w, https:\/\/rt-aaltoset.net\/uusi\/wp-content\/uploads\/2023\/01\/20221017_180306387_iOS-1-1536x864.jpg 1536w, https:\/\/rt-aaltoset.net\/uusi\/wp-content\/uploads\/2023\/01\/20221017_180306387_iOS-1.jpg 1599w\" sizes=\"(max-width: 1024px) 100vw, 1024px\" \/><\/figure>\n<\/div><\/div>\n<\/div>\n<\/div>\n\n\n\n<div class=\"wp-block-column is-vertically-aligned-center is-layout-flow wp-block-column-is-layout-flow\">\n<p><\/p>\n\n\n\n<h2 class=\"wp-block-heading has-text-align-center has-nv-text-dark-bg-color has-text-color\">OTA YHTEYTT\u00c4<\/h2>\n\n\n\n<p class=\"has-text-align-center has-nv-text-dark-bg-color has-text-color\">RT-Aaltoset Oy<br>Koverintie 264<br>21160 Merimasku<br><br>tuomas@rt-aaltoset.net<br>0400 907 674 \/ Tuomas<\/p>\n\n\n\n<p class=\"has-text-align-center has-nv-site-bg-color has-text-color has-link-color wp-elements-11715b8406a5105c45cbf0ad9cac992b\">LVI-tarvikkeiden verkkokauppa: <a href=\"https:\/\/putkia.fi\/\">putkia.fi<\/a><\/p>\n<\/div>\n<\/div>\n\n\n\n<div style=\"height:40px\" aria-hidden=\"true\" class=\"wp-block-spacer\"><\/div>\n<\/div><\/div>\n<\/div><\/div>\n","protected":false},"excerpt":{"rendered":"<p>Kodin viilennys voidaan maal\u00e4mp\u00f6kohteissa j\u00e4rjest\u00e4\u00e4 maal\u00e4mp\u00f6j\u00e4rjestelm\u00e4n viilennysyksik\u00f6ll\u00e4. Pumppu kierr\u00e4tt\u00e4\u00e4 l\u00e4mmenneen l\u00e4mm\u00f6nsiirtoaineen maal\u00e4mp\u00f6kaivoon, jolloin l\u00e4mp\u00f6 varastoituu kaivoon talvea varten tai parantaa ylikuormittuneen energiakaivon tilannetta. Vastaavasti maal\u00e4mp\u00f6kaivon viile\u00e4 kallioper\u00e4 kylment\u00e4\u00e4 l\u00e4mm\u00f6nsiirtoaineen. Viilennys voidaan j\u00e4rjest\u00e4\u00e4 my\u00f6s investointikustannuksiltaan edullisella ilmal\u00e4mp\u00f6pumpulla, jolloin pumppua voidaan hy\u00f6dynt\u00e4\u00e4 l\u00e4mmityksess\u00e4 kylmin\u00e4 aikoina.<\/p>\n","protected":false},"author":3,"featured_media":0,"parent":0,"menu_order":0,"comment_status":"closed","ping_status":"closed","template":"","meta":{"footnotes":""},"class_list":["post-1788","page","type-page","status-publish","hentry"],"_links":{"self":[{"href":"https:\/\/rt-aaltoset.net\/uusi\/wp-json\/wp\/v2\/pages\/1788","targetHints":{"allow":["GET"]}}],"collection":[{"href":"https:\/\/rt-aaltoset.net\/uusi\/wp-json\/wp\/v2\/pages"}],"about":[{"href":"https:\/\/rt-aaltoset.net\/uusi\/wp-json\/wp\/v2\/types\/page"}],"author":[{"embeddable":true,"href":"https:\/\/rt-aaltoset.net\/uusi\/wp-json\/wp\/v2\/users\/3"}],"replies":[{"embeddable":true,"href":"https:\/\/rt-aaltoset.net\/uusi\/wp-json\/wp\/v2\/comments?post=1788"}],"version-history":[{"count":6,"href":"https:\/\/rt-aaltoset.net\/uusi\/wp-json\/wp\/v2\/pages\/1788\/revisions"}],"predecessor-version":[{"id":1925,"href":"https:\/\/rt-aaltoset.net\/uusi\/wp-json\/wp\/v2\/pages\/1788\/revisions\/1925"}],"wp:attachment":[{"href":"https:\/\/rt-aaltoset.net\/uusi\/wp-json\/wp\/v2\/media?parent=1788"}],"curies":[{"name":"wp","href":"https:\/\/api.w.org\/{rel}","templated":true}]}}